{"id":27164,"date":"2024-06-04T10:51:14","date_gmt":"2024-06-04T14:51:14","guid":{"rendered":"http:\/\/fsrcstaging.wpengine.com\/nuestros-servicios\/"},"modified":"2024-07-29T16:23:59","modified_gmt":"2024-07-29T15:23:59","slug":"nuestros-servicios","status":"publish","type":"page","link":"https:\/\/rootcapital.org\/es\/para-clientes\/nuestros-servicios\/","title":{"rendered":"Nuestros Servicios"},"content":{"rendered":"","protected":false},"excerpt":{"rendered":"","protected":false},"author":23,"featured_media":0,"parent":27468,"menu_order":0,"comment_status":"closed","ping_status":"closed","template":"page-templates\/template-flex-content.php","meta":{"_acf_changed":false,"inline_featured_image":false,"footnotes":""},"class_list":["post-27164","page","type-page","status-publish","hentry"],"acf":{"modules":[{"acf_fc_layout":"module_hero","title":"Nuestros servicios","scrolling_titles":null,"text":"<span style=\"font-weight: 400;\">Colaboramos con peque\u00f1as organizaciones agr\u00edcolas en crecimiento para superar desaf\u00edos cr\u00edticos y brechas de capacidad mediante la prestaci\u00f3n de servicios integrales que incluyen cr\u00e9dito, capacitaci\u00f3n gratuita y proyectos a la medida.<\/span>","buttons":[{"button_link":{"title":"Solicite nuestros servicios","url":"https:\/\/rootcapital.org\/es\/para-clientes\/solicitar-servicios\/ ","target":""},"button_style":"primary","button_icon":""}],"padding_top":"3xl","padding_bottom":"3xl","background_image":25406,"credit":"Root Capital","caption":"El personal de Root Capital conecta con miembros de la Cooperativa Nyampina en Rusenge, Ruanda.","show_candid":false,"show_breadcrumb":true,"title_color":"rc-white","title_weight":"font-normal","title_size":"xxxxxxl","include_gradient":true},{"acf_fc_layout":"module_pathway","title":"\u00bfSomos una buena opci\u00f3n para su organizaci\u00f3n?","summary":"<ul>\r\n \t<li>\u00bfPertenece usted a una organizaci\u00f3n de productores, exportador local, o finca privada que genera un impacto positivo a nivel social y ambiental?\r\n\u00bfPertenece al sector de caf\u00e9, cacao, nueces, granos o cultivos b\u00e1sicos?\r\n\u00bfOpera en M\u00e9xico, Guatemala, Honduras, Costa Rica, Nicaragua, Colombia, Per\u00fa, Ghana, Kenia, Uganda, Ruanda, Rep\u00fablica Democr\u00e1tica del Congo o Indonesia?\r\n\u00bfTiene al menos un a\u00f1o de operaciones con ingresos anuales superiores a USD 250,000?\r\n\u00bfTiene relaciones s\u00f3lidas con compradores establecidos?\r\n\u00bfEst\u00e1 preparado para fortalecer sus operaciones y actuar como agente de impacto en su comunidad rural?<\/li>\r\n<\/ul>\r\n<span style=\"font-weight: 400;\">Si la respuesta a las preguntas anteriores es S\u00cd, \u00a1env\u00edenos una solicitud de servicios!<\/span>","pathway_grid":[{"icon":25409,"title":"Resultados demostrados","link":"","text":"","icon_background":false,"title_color":"rc-white","text_color":"rc-white"},{"icon":25410,"title":"Relaciones establecidas","link":"","text":"","icon_background":false,"title_color":"rc-white","text_color":"rc-white"},{"icon":25407,"title":"Equipo de gesti\u00f3n experimentado","link":"","text":"","icon_background":false,"title_color":"rc-white","text_color":"rc-white"},{"icon":25408,"title":"Impacto positivo","link":"","text":"","icon_background":false,"title_color":"rc-white","text_color":"rc-white"}],"padding_top":"md","padding_bottom":"md","background_color":"rc-green","title_size":"xxxxxl","title_color":"rc-white","text_color":"rc-white","background_pattern":false,"text_alignment":"text-left"},{"acf_fc_layout":"module_cards","title":"Proceso de Solicitud de Servicios","summary":"Env\u00edenos una solicitud de los servicios hol\u00edsticos de Root Capital.","card":[{"card_icon":25412,"card_title":"Paso 1: Pres\u00e9ntese","card_text":"Al completar nuestro amigable formulario de solicitud, podremos conocer si su organizaci\u00f3n es elegible para solicitar nuestros servicios. Posteriormente, un colaborador de Root Capital le estar\u00e1 contactando para informarle de su estatus y conocer mejor sus necesidades.","card_show_button":false,"card_button_text":"","card_button":"","button_type":"primary","card_border":true,"card_background":"rc-white","card_icon_color":"rc-teal","card_title_color":"rc-teal","card_text_color":"rc-charcoal","card_font_size":"text-[16px]","text_align":"flex-start"},{"card_icon":25415,"card_title":"Paso 2: Solicitud de cr\u00e9dito","card_text":"Tras un an\u00e1lisis preliminar, solicitamos a las organizaciones elegibles que completen el formulario de solicitud de cr\u00e9dito y nos suministren informaci\u00f3n y documentaci\u00f3n adicional.","card_show_button":false,"card_button_text":"","card_button":"","button_type":"primary","card_border":true,"card_background":"rc-white","card_icon_color":"rc-teal","card_title_color":"rc-teal","card_text_color":"rc-charcoal","card_font_size":"text-[16px]","text_align":"flex-start"},{"card_icon":25414,"card_title":"Paso 3: Evaluaci\u00f3n","card_text":"Tras analizar su solicitud, un colaborador de Root Capital visitar\u00e1 su organizaci\u00f3n para conversar sobre los servicios de cr\u00e9dito y asesor\u00eda que se ajusten a las necesidades espec\u00edficas de su organizaci\u00f3n.","card_show_button":false,"card_button_text":"","card_button":"","button_type":"primary","card_border":true,"card_background":"rc-white","card_icon_color":"rc-teal","card_title_color":"rc-teal","card_text_color":"rc-charcoal","card_font_size":"text-[16px]","text_align":"flex-start"},{"card_icon":25413,"card_title":"Paso 4: Decisi\u00f3n","card_text":"Un colaborador de Root Capital le notificar\u00e1 sobre nuestra decisi\u00f3n. Generalmente ocurre en un plazo de 4 a 8 semanas posterior a recibir una solicitud de servicios completa.","card_show_button":false,"card_button_text":"","card_button":"","button_type":"primary","card_border":true,"card_background":"rc-white","card_icon_color":"rc-teal","card_title_color":"rc-teal","card_text_color":"rc-charcoal","card_font_size":"text-[16px]","text_align":"flex-start"},{"card_icon":25416,"card_title":"Paso 5: Formalizaci\u00f3n","card_text":"Una vez aprobada la solicitud, un colaborador de Root Capital le guiar\u00e1 por los pasos finales para recibir nuestros servicios.","card_show_button":false,"card_button_text":"","card_button":"","button_type":"primary","card_border":true,"card_background":"rc-white","card_icon_color":"rc-teal","card_title_color":"rc-teal","card_text_color":"rc-charcoal","card_font_size":"text-[16px]","text_align":"flex-start"},{"card_icon":25411,"card_title":"Aplique Hoy","card_text":"\u00a1El equipo de Root Capital est\u00e1 listo para analizar su solicitud!","card_show_button":true,"card_button_text":"Solicitar un pr\u00e9stamo","card_button":25084,"button_type":"secondary","card_border":false,"card_background":"rc-teal","card_icon_color":"rc-white","card_title_color":"rc-white","card_text_color":"rc-white","card_font_size":"text-[16px]","text_align":"flex-start"}],"padding_top":"md","padding_bottom":"md","cards_per_row":"THREE","title_size":"xxxxxl","card_alignment":"flex-start","background_color":"rc-white"},{"acf_fc_layout":"module_hr","hr_thickness":2,"hr_color":"rc-green","padding_top":"xs","padding_bottom":"xs"},{"acf_fc_layout":"module_content_steps_column","title":"Tipos de servicios","summary":"Cr\u00e9dito, Talleres Integrales y Asesor\u00eda Personalizada","steps":[{"label":"1","title":"Cr\u00e9dito","content":"Comprendemos la necesidad de nuestros clientes influenciadas por su giro de negocio y ciclo de cosecha, y precisamente por eso, ofrecemos cr\u00e9ditos para fines espec\u00edficos, con esquemas flexibles y desembolsos oportunos. Ponemos a disposici\u00f3n de nuestros clientes una variedad de productos financieros que van desde l\u00edneas de cr\u00e9dito estacionales para capital de trabajo, hasta cr\u00e9ditos de largo plazo para inversiones."},{"label":"2","title":"Talleres Integrales","content":"Ampl\u00ede su red de contactos compartiendo experiencias, intercambiando ideas y explorando relaciones con organizaciones en su sector. Estas sesiones interactivas de varios d\u00edas de duraci\u00f3n, proporcionan capacitaci\u00f3n en multitud de temas como la mitigaci\u00f3n y vulnerabilidad clim\u00e1tica, la recopilaci\u00f3n y an\u00e1lisis de datos para la toma de decisiones, o la inclusi\u00f3n organizacional para mujeres y j\u00f3venes. Tendr\u00e1 oportunidad de discutir casos reales con otros l\u00edderes del sector, aprender unos de otros y volver a casa con nuevas ideas que implementar."},{"label":"3","title":"Asesor\u00eda Personalizada","content":"Benef\u00edciese de asesor\u00eda personalizada con expertos en las \u00e1reas que desea mejorar. Lo guiaremos a trav\u00e9s de una evaluaci\u00f3n participativa que identificar\u00e1 fortalezas, \u00e1reas de mejora y prioridades para su negocio. Juntos desarrollaremos un plan personalizado y proporcionaremos capacitaci\u00f3n y asesoramiento, tanto in situ como remoto, para que usted y su equipo lo pongan en pr\u00e1ctica."}],"image":25417,"padding_top":"xs","padding_bottom":"xs","background_color":"rc-white","title_size":"xxxxxl","title_color":"rc-black","text_color":"rc-charcoal","background_pattern":false},{"acf_fc_layout":"module_hr","hr_thickness":2,"hr_color":"rc-green","padding_top":"xs","padding_bottom":"xs"},{"acf_fc_layout":"module_content_text_columns","title":"Tipos de Servicios de Asesor\u00eda","summary":"Nuestros talleres integrales y capacitaciones personalizadas est\u00e1n actualmente enfocadas en los siguientes temas. Sin embargo, estamos constantemente innovando y dise\u00f1ando nuevas ofertas basadas en las necesidades cambiantes de nuestros clientes.","text_columns":[{"column_content":"<b>Asesor\u00eda en Gesti\u00f3n Empresarial (BMA)\r\n<\/b><span style=\"font-weight: 400;\">Optimice los procedimientos de contabilidad, informes financieros y an\u00e1lisis de datos. Dise\u00f1e sistemas de gesti\u00f3n de inventarios y controles internos. Construya resiliencia mediante una mejor gobernanza, capacitaci\u00f3n ejecutiva y planificaci\u00f3n de sucesi\u00f3n.<\/span>\r\n\r\n<b>Inteligencia Empresarial Digital (DBI)\r\n<\/b><span style=\"font-weight: 400;\">Adopte soluciones tecnol\u00f3gicas para digitalizar los procesos agr\u00edcolas y comerciales, tal y como las inspecciones internas o compras de productos. Integre datos de diferentes \u00e1reas del negocio y optimice sus operaciones utilizando datos para informar la toma de decisiones.<\/span>\r\n\r\n<b>Asesor\u00eda Agron\u00f3mica y de Resiliencia Clim\u00e1tica (ACRA)\r\n<\/b><span style=\"font-weight: 400;\">Reciba informaci\u00f3n sobre riesgos clim\u00e1ticos y soluciones de adaptaci\u00f3n relevantes para su negocio. Obtenga conocimientos sobre pr\u00e1cticas efectivas para mejorar la productividad de las fincas y la resiliencia frente a los choques del mercado. Benef\u00edciese del apoyo pr\u00e1ctico y personalizado en la planificaci\u00f3n de acciones clim\u00e1ticas para el futuro.<\/span>"},{"column_content":"<b>Asesor\u00eda sobre equidad de g\u00e9nero\r\n<\/b><span style=\"font-weight: 400;\">Mejore la gobernanza de su organizaci\u00f3n y descubra los beneficios de invertir en mujeres en la agricultura. Cree oportunidades para las mujeres que buscan mejorar sus carreras y aumente la inclusi\u00f3n significativa dentro su organizaci\u00f3n a trav\u00e9s de talleres, mentor\u00eda y orientaci\u00f3n de nuestros expertos en g\u00e9nero.<\/span>\r\n\r\n<b>Asesor\u00eda relacionada con la juventud\r\n<\/b><span style=\"font-weight: 400;\">Aproveche a los j\u00f3venes en su agronegocio como empleados o productores y cree oportunidades para la pr\u00f3xima generaci\u00f3n. Como nativos digitales o adoptantes tempranos, los j\u00f3venes juegan un papel clave en conectar la eficiencia digital con la producci\u00f3n de calidad. Los j\u00f3venes pasantes ofrecen perspectivas frescas mientras se sumergen en las realidades del agronegocio y act\u00faan como una fuente sostenible de talento para cubrir brechas de capacidad. Comprender e incorporar a los j\u00f3venes en su modelo de negocio impulsa su resiliencia.<\/span>"}],"footnote":"<span style=\"font-weight: 400;\">Nota: Actualmente ofrecemos tanto versiones preparatorias como de servicio completo de la mayor\u00eda de nuestros servicios. Puede aprovechar al m\u00e1ximo nuestra asesor\u00eda en talleres o sesiones introductorias antes de comprometerse a largo plazo para determinar qu\u00e9 es lo mejor para su organizaci\u00f3n.<\/span>","padding_top":"xs","padding_bottom":"md","background_color":"rc-white","title_size":"xxxxxl","title_color":"rc-black","text_color":"rc-charcoal","background_pattern":false}]},"yoast_head":"<!-- This site is optimized with the Yoast SEO plugin v27.4 - https:\/\/yoast.com\/product\/yoast-seo-wordpress\/ -->\n<title>Nuestros Servicios - Root Capital<\/title>\n<meta name=\"robots\" content=\"index, follow, max-snippet:-1, max-image-preview:large, max-video-preview:-1\" \/>\n<link rel=\"canonical\" href=\"https:\/\/rootcapital.org\/es\/para-clientes\/nuestros-servicios\/\" \/>\n<meta property=\"og:locale\" content=\"es_ES\" \/>\n<meta property=\"og:type\" content=\"article\" \/>\n<meta property=\"og:title\" content=\"Nuestros Servicios - Root Capital\" \/>\n<meta property=\"og:url\" content=\"https:\/\/rootcapital.org\/es\/para-clientes\/nuestros-servicios\/\" \/>\n<meta property=\"og:site_name\" content=\"Root Capital\" \/>\n<meta property=\"article:publisher\" content=\"https:\/\/www.facebook.com\/rootcapital\/\" \/>\n<meta property=\"article:modified_time\" content=\"2024-07-29T15:23:59+00:00\" \/>\n<meta name=\"twitter:card\" content=\"summary_large_image\" \/>\n<meta name=\"twitter:site\" content=\"@RootCapital\" \/>\n<script type=\"application\/ld+json\" class=\"yoast-schema-graph\">{\"@context\":\"https:\\\/\\\/schema.org\",\"@graph\":[{\"@type\":\"WebPage\",\"@id\":\"https:\\\/\\\/rootcapital.org\\\/es\\\/para-clientes\\\/nuestros-servicios\\\/\",\"url\":\"https:\\\/\\\/rootcapital.org\\\/es\\\/para-clientes\\\/nuestros-servicios\\\/\",\"name\":\"Nuestros Servicios - Root Capital\",\"isPartOf\":{\"@id\":\"https:\\\/\\\/rootcapital.org\\\/es\\\/#website\"},\"datePublished\":\"2024-06-04T14:51:14+00:00\",\"dateModified\":\"2024-07-29T15:23:59+00:00\",\"breadcrumb\":{\"@id\":\"https:\\\/\\\/rootcapital.org\\\/es\\\/para-clientes\\\/nuestros-servicios\\\/#breadcrumb\"},\"inLanguage\":\"es\",\"potentialAction\":[{\"@type\":\"ReadAction\",\"target\":[\"https:\\\/\\\/rootcapital.org\\\/es\\\/para-clientes\\\/nuestros-servicios\\\/\"]}]},{\"@type\":\"BreadcrumbList\",\"@id\":\"https:\\\/\\\/rootcapital.org\\\/es\\\/para-clientes\\\/nuestros-servicios\\\/#breadcrumb\",\"itemListElement\":[{\"@type\":\"ListItem\",\"position\":1,\"name\":\"Home\",\"item\":\"https:\\\/\\\/rootcapital.org\\\/es\\\/\"},{\"@type\":\"ListItem\",\"position\":2,\"name\":\"Para Clientes\",\"item\":\"https:\\\/\\\/rootcapital.org\\\/es\\\/para-clientes\\\/\"},{\"@type\":\"ListItem\",\"position\":3,\"name\":\"Nuestros Servicios\"}]},{\"@type\":\"WebSite\",\"@id\":\"https:\\\/\\\/rootcapital.org\\\/es\\\/#website\",\"url\":\"https:\\\/\\\/rootcapital.org\\\/es\\\/\",\"name\":\"Root Capital\",\"description\":\"\",\"publisher\":{\"@id\":\"https:\\\/\\\/rootcapital.org\\\/es\\\/#organization\"},\"potentialAction\":[{\"@type\":\"SearchAction\",\"target\":{\"@type\":\"EntryPoint\",\"urlTemplate\":\"https:\\\/\\\/rootcapital.org\\\/es\\\/?s={search_term_string}\"},\"query-input\":{\"@type\":\"PropertyValueSpecification\",\"valueRequired\":true,\"valueName\":\"search_term_string\"}}],\"inLanguage\":\"es\"},{\"@type\":\"Organization\",\"@id\":\"https:\\\/\\\/rootcapital.org\\\/es\\\/#organization\",\"name\":\"Root Capital\",\"url\":\"https:\\\/\\\/rootcapital.org\\\/es\\\/\",\"logo\":{\"@type\":\"ImageObject\",\"inLanguage\":\"es\",\"@id\":\"https:\\\/\\\/rootcapital.org\\\/es\\\/#\\\/schema\\\/logo\\\/image\\\/\",\"url\":\"http:\\\/\\\/rootcapital.org\\\/wp-content\\\/uploads\\\/2024\\\/09\\\/Logo-PNG-1.png\",\"contentUrl\":\"http:\\\/\\\/rootcapital.org\\\/wp-content\\\/uploads\\\/2024\\\/09\\\/Logo-PNG-1.png\",\"width\":567,\"height\":283,\"caption\":\"Root Capital\"},\"image\":{\"@id\":\"https:\\\/\\\/rootcapital.org\\\/es\\\/#\\\/schema\\\/logo\\\/image\\\/\"},\"sameAs\":[\"https:\\\/\\\/www.facebook.com\\\/rootcapital\\\/\",\"https:\\\/\\\/x.com\\\/RootCapital\",\"https:\\\/\\\/www.instagram.com\\\/rootcapital\\\/\",\"https:\\\/\\\/www.linkedin.com\\\/company\\\/root-capital\\\/\",\"https:\\\/\\\/www.tiktok.com\\\/@rootcapital\",\"https:\\\/\\\/www.youtube.com\\\/user\\\/rootcapital\"]}]}<\/script>\n<!-- \/ Yoast SEO plugin. -->","yoast_head_json":{"title":"Nuestros Servicios - Root Capital","robots":{"index":"index","follow":"follow","max-snippet":"max-snippet:-1","max-image-preview":"max-image-preview:large","max-video-preview":"max-video-preview:-1"},"canonical":"https:\/\/rootcapital.org\/es\/para-clientes\/nuestros-servicios\/","og_locale":"es_ES","og_type":"article","og_title":"Nuestros Servicios - Root Capital","og_url":"https:\/\/rootcapital.org\/es\/para-clientes\/nuestros-servicios\/","og_site_name":"Root Capital","article_publisher":"https:\/\/www.facebook.com\/rootcapital\/","article_modified_time":"2024-07-29T15:23:59+00:00","twitter_card":"summary_large_image","twitter_site":"@RootCapital","schema":{"@context":"https:\/\/schema.org","@graph":[{"@type":"WebPage","@id":"https:\/\/rootcapital.org\/es\/para-clientes\/nuestros-servicios\/","url":"https:\/\/rootcapital.org\/es\/para-clientes\/nuestros-servicios\/","name":"Nuestros Servicios - Root Capital","isPartOf":{"@id":"https:\/\/rootcapital.org\/es\/#website"},"datePublished":"2024-06-04T14:51:14+00:00","dateModified":"2024-07-29T15:23:59+00:00","breadcrumb":{"@id":"https:\/\/rootcapital.org\/es\/para-clientes\/nuestros-servicios\/#breadcrumb"},"inLanguage":"es","potentialAction":[{"@type":"ReadAction","target":["https:\/\/rootcapital.org\/es\/para-clientes\/nuestros-servicios\/"]}]},{"@type":"BreadcrumbList","@id":"https:\/\/rootcapital.org\/es\/para-clientes\/nuestros-servicios\/#breadcrumb","itemListElement":[{"@type":"ListItem","position":1,"name":"Home","item":"https:\/\/rootcapital.org\/es\/"},{"@type":"ListItem","position":2,"name":"Para Clientes","item":"https:\/\/rootcapital.org\/es\/para-clientes\/"},{"@type":"ListItem","position":3,"name":"Nuestros Servicios"}]},{"@type":"WebSite","@id":"https:\/\/rootcapital.org\/es\/#website","url":"https:\/\/rootcapital.org\/es\/","name":"Root Capital","description":"","publisher":{"@id":"https:\/\/rootcapital.org\/es\/#organization"},"potentialAction":[{"@type":"SearchAction","target":{"@type":"EntryPoint","urlTemplate":"https:\/\/rootcapital.org\/es\/?s={search_term_string}"},"query-input":{"@type":"PropertyValueSpecification","valueRequired":true,"valueName":"search_term_string"}}],"inLanguage":"es"},{"@type":"Organization","@id":"https:\/\/rootcapital.org\/es\/#organization","name":"Root Capital","url":"https:\/\/rootcapital.org\/es\/","logo":{"@type":"ImageObject","inLanguage":"es","@id":"https:\/\/rootcapital.org\/es\/#\/schema\/logo\/image\/","url":"http:\/\/rootcapital.org\/wp-content\/uploads\/2024\/09\/Logo-PNG-1.png","contentUrl":"http:\/\/rootcapital.org\/wp-content\/uploads\/2024\/09\/Logo-PNG-1.png","width":567,"height":283,"caption":"Root Capital"},"image":{"@id":"https:\/\/rootcapital.org\/es\/#\/schema\/logo\/image\/"},"sameAs":["https:\/\/www.facebook.com\/rootcapital\/","https:\/\/x.com\/RootCapital","https:\/\/www.instagram.com\/rootcapital\/","https:\/\/www.linkedin.com\/company\/root-capital\/","https:\/\/www.tiktok.com\/@rootcapital","https:\/\/www.youtube.com\/user\/rootcapital"]}]}},"_links":{"self":[{"href":"https:\/\/rootcapital.org\/es\/wp-json\/wp\/v2\/pages\/27164","targetHints":{"allow":["GET"]}}],"collection":[{"href":"https:\/\/rootcapital.org\/es\/wp-json\/wp\/v2\/pages"}],"about":[{"href":"https:\/\/rootcapital.org\/es\/wp-json\/wp\/v2\/types\/page"}],"author":[{"embeddable":true,"href":"https:\/\/rootcapital.org\/es\/wp-json\/wp\/v2\/users\/23"}],"replies":[{"embeddable":true,"href":"https:\/\/rootcapital.org\/es\/wp-json\/wp\/v2\/comments?post=27164"}],"version-history":[{"count":0,"href":"https:\/\/rootcapital.org\/es\/wp-json\/wp\/v2\/pages\/27164\/revisions"}],"up":[{"embeddable":true,"href":"https:\/\/rootcapital.org\/es\/wp-json\/wp\/v2\/pages\/27468"}],"wp:attachment":[{"href":"https:\/\/rootcapital.org\/es\/wp-json\/wp\/v2\/media?parent=27164"}],"curies":[{"name":"wp","href":"https:\/\/api.w.org\/{rel}","templated":true}]}}