{"id":27139,"date":"2024-05-15T11:26:21","date_gmt":"2024-05-15T15:26:21","guid":{"rendered":"http:\/\/fsrcstaging.wpengine.com\/our-approach\/"},"modified":"2024-07-29T16:48:20","modified_gmt":"2024-07-29T15:48:20","slug":"nuestro-enfoque","status":"publish","type":"page","link":"https:\/\/rootcapital.org\/es\/nuestro-enfoque\/","title":{"rendered":"Nuestro Enfoque"},"content":{"rendered":"<p>&nbsp;<\/p>\n<p><iframe style=\"display: none;\"><\/iframe><\/p>\n","protected":false},"excerpt":{"rendered":"<p>&nbsp;<\/p>\n","protected":false},"author":23,"featured_media":0,"parent":0,"menu_order":0,"comment_status":"closed","ping_status":"closed","template":"page-templates\/template-flex-content.php","meta":{"_acf_changed":false,"inline_featured_image":false,"footnotes":""},"class_list":["post-27139","page","type-page","status-publish","hentry"],"acf":{"modules":[{"acf_fc_layout":"module_hero","title":"Nuestro Enfoque","scrolling_titles":null,"text":"Root Capital colabora con las empresas agr\u00edcolas para que su \u00e9xito pueda fomentar comunidades rurales m\u00e1s pr\u00f3speras, inclusivas y resilientes.","buttons":null,"padding_top":"xs","padding_bottom":"xs","background_image":25328,"credit":"Grazioso Pictures","caption":"","show_candid":false,"show_breadcrumb":false,"title_color":"rc-white","title_weight":"font-normal","title_size":"xxxxxxl","include_gradient":true},{"acf_fc_layout":"module_video","video":"https:\/\/youtu.be\/5JViLCECE_E","video_description":"El fundador y director general de Root Capital, Willy Foote, habla del enfoque de Root Capital en TEDxBOSTON.","padding_top":"lg","padding_bottom":"lg"},{"acf_fc_layout":"module_highlight","image":25329,"image_credit":"Root Capital","image_caption":"El personal de Root Capital conecta con miembros de la Cooperativa Alonso de Alvarado en Per\u00fa.","title":"S\u00f3lo llegaremos juntos.","content":"Root Capital est\u00e1 reimaginando la resiliencia. Creemos que la resiliencia no es responsabilidad exclusiva de los m\u00e1s vulnerables, que ya tienen que esforzarse por superar historias de marginaci\u00f3n, abandono y pobreza sist\u00e9mica, sino un proyecto din\u00e1mico y colectivo que recurre a las perspectivas, los talentos y los recursos de todos nosotros.\r\nLos pr\u00f3ximos a\u00f1os pueden ser un punto de inflexi\u00f3n si trabajamos juntos para invertir en soluciones probadas. Con el apoyo adecuado, las empresas agr\u00edcolas pueden ser motores de impacto.","buttons":[{"button_link":{"title":"Plan Estrat\u00e9gico 2021-2025","url":"http:\/\/rootcapital.org\/wp-content\/uploads\/2024\/06\/Summary-of-Five-Year-Strategy.pdf","target":""},"button_style":"tertiary","show_icon":true},{"button_link":{"title":"Done Aqu\u00ed","url":"http:\/\/rootcapital.org\/donate\/","target":"_blank"},"button_style":"secondary","show_icon":true}],"highlight_background":"rc-green","padding_top":"lg","padding_bottom":"lg","title_size":"xxxxxl"},{"acf_fc_layout":"module_pathway","title":"Nuestros caminos hacia el progreso","summary":"Con el apoyo adecuado, las empresas agr\u00edcolas pueden actuar como motores de impacto para sus comunidades locales, aumentando los ingresos, creando empleo, elevando a las mujeres y a los y las j\u00f3venes, preservando los ecosistemas vulnerables y desarrollando la prosperidad rural. Nuestros servicios est\u00e1n dise\u00f1ados a trav\u00e9s de cuatro v\u00edas de impacto esenciales para reforzar la resiliencia rural:","pathway_grid":[{"icon":25318,"title":"Acceso a cr\u00e9dito","link":141,"text":"Llegamos a las empresas m\u00e1s desatendidas con cr\u00e9ditos y desarrollo de capacidades cr\u00edticos.","icon_background":false,"title_color":"rc-green","text_color":"rc-charcoal"},{"icon":25317,"title":"Acci\u00f3n clim\u00e1tica","link":287,"text":"Ayudamos a las comunidades rurales a adaptarse a la amenaza existencial del cambio clim\u00e1tico.","icon_background":false,"title_color":"rc-blue","text_color":"rc-charcoal"},{"icon":25319,"title":"Equidad de g\u00e9nero","link":139,"text":"Ayudamos a igualar las condiciones de las mujeres agricultoras, empleadas y empresarias.","icon_background":false,"title_color":"rc-teal","text_color":"rc-charcoal"},{"icon":25320,"title":"Empleos para la pr\u00f3xima generaci\u00f3n","link":572,"text":"Aprovechamos el poder sin explotar de la juventud rural para crear resiliencia a largo plazo.","icon_background":false,"title_color":"rc-brown","text_color":"rc-charcoal"}],"padding_top":"lg","padding_bottom":"lg","background_color":"rc-white","title_size":"xxxxxl","title_color":"rc-black","text_color":"rc-charcoal","background_pattern":false,"text_alignment":"text-center"},{"acf_fc_layout":"module_map","title":"D\u00f3nde trabajamos","sub_title":"Proporcionamos estabilidad en un entorno vol\u00e1til.","summary":"Como inversores que dan prioridad al impacto, operamos en pa\u00edses que sufren perturbaciones clim\u00e1ticas, inestabilidad econ\u00f3mica y agitaci\u00f3n pol\u00edtica, y en mercados con fluctuaciones extremas, como el caf\u00e9, el cacao y los frutos secos. Nuestro enfoque firme y nuestra mayor apetito de riesgo nos hacen un socio estable para nuestros clientes en un entorno por lo dem\u00e1s tumultuoso. ","accordions":[{"title":"\u00c1frica","content":"En toda \u00c1frica, los y las peque\u00f1os\/as agricultores\/as cultivan caf\u00e9, cacao, nueces de macadamia y sorgo que impulsan la econom\u00eda, as\u00ed como cultivos alimentarios locales para alimentar a la creciente poblaci\u00f3n. Estos agricultores y agricultoras dependen de empresas agr\u00edcolas que les ayuden a acceder a los mercados nacionales e internacionales.","image":27031,"label":""},{"title":"Asia","content":"Sumatra alberga algunos de los caf\u00e9s de mayor calidad del mundo, cultivados por miles de peque\u00f1os agricultores y agricultoras. Estos agricultores y agricultoras trabajan con cooperativas y empresas sociales para procesar sus productos y asegurarse de que obtienen un precio justo en el mercado internacional.","image":27032,"label":""},{"title":"M\u00e9xico y Centroam\u00e9rica","content":"Desde que concedimos nuestro primer pr\u00e9stamo a una cooperativa cafetera de Guatemala en 1999, seguimos invirtiendo en peque\u00f1as empresas agr\u00edcolas en crecimiento de toda la regi\u00f3n.\r\n\r\nDesde organizaciones de productores bien establecidas hasta empresas en fase inicial que buscan crecer, la regi\u00f3n est\u00e1 llena de empresas preparadas para impulsar el impacto para las personas que trabajan en la peque\u00f1a agricultura. Este apoyo es cada vez m\u00e1s urgente, ya que la regi\u00f3n lucha contra las cat\u00e1strofes naturales y las consecuencias del cambio clim\u00e1tico.","image":27033,"label":""},{"title":"Am\u00e9rica del Sur","content":"En los Andes, el paisaje est\u00e1 salpicado de peque\u00f1os agricultores y agricultoras que se ganan la vida cultivando caf\u00e9 o cacao. Estos agricultores y agricultoras son miembros de cooperativas, asociaciones o empresas sociales que les permiten obtener precios superiores en el mercado internacional.","image":27034,"label":""}],"title_size":"xxxxxl","padding_top":"lg","padding_bottom":"lg"},{"acf_fc_layout":"module_content","title":"Medir nuestro impacto","summary":"Al medir nuestro impacto, desbloqueamos datos cr\u00edticos que impulsan la toma de decisiones reales sobre d\u00f3nde y c\u00f3mo desplegamos unos recursos limitados.","content":"Estas m\u00e9tricas no s\u00f3lo impulsan nuestra estrategia, sino que tambi\u00e9n orientan a nuestros clientes e influyen en un ecosistema m\u00e1s amplio de proveedores de servicios y socios de la cadena de valor centrados en los y las peque\u00f1os\/as agricultores\/as. Como resultado, hemos acumulado un importante conjunto de datos y un creciente corpus de pruebas, cuidadosamente seleccionados a lo largo de m\u00e1s de dos d\u00e9cadas, que compartimos de forma proactiva con las partes interesadas y a trav\u00e9s de nuestros canales digitales.","button":{"title":"Panel de Impacto","url":"https:\/\/rootcapital.org\/es\/nuestro-enfoque\/nuestro-impacto\/","target":""},"image":25310,"image_caption":"Personal y miembros de la Cooperativa Maraba en Ruanda clasifican caf\u00e9.","image_credit":"Adam Finch\/Root Capital","padding_top":"md","padding_bottom":"md","button_type":"secondary","background_color":"rc-white","title_size":"xxxxxl","title_color":"rc-black","text_color":"rc-charcoal","background_pattern":false}]},"yoast_head":"<!-- This site is optimized with the Yoast SEO Premium plugin v24.9 (Yoast SEO v27.2) - https:\/\/yoast.com\/product\/yoast-seo-premium-wordpress\/ -->\n<title>Nuestro Enfoque - Root Capital<\/title>\n<meta name=\"robots\" content=\"index, follow, max-snippet:-1, max-image-preview:large, max-video-preview:-1\" \/>\n<link rel=\"canonical\" href=\"https:\/\/rootcapital.org\/es\/nuestro-enfoque\/\" \/>\n<meta property=\"og:locale\" content=\"es_ES\" \/>\n<meta property=\"og:type\" content=\"article\" \/>\n<meta property=\"og:title\" content=\"Nuestro Enfoque\" \/>\n<meta property=\"og:description\" content=\"&nbsp;\" \/>\n<meta property=\"og:url\" content=\"https:\/\/rootcapital.org\/es\/nuestro-enfoque\/\" \/>\n<meta property=\"og:site_name\" content=\"Root Capital\" \/>\n<meta property=\"article:publisher\" content=\"https:\/\/www.facebook.com\/rootcapital\/\" \/>\n<meta property=\"article:modified_time\" content=\"2024-07-29T15:48:20+00:00\" \/>\n<meta name=\"twitter:card\" content=\"summary_large_image\" \/>\n<meta name=\"twitter:site\" content=\"@RootCapital\" \/>\n<script type=\"application\/ld+json\" class=\"yoast-schema-graph\">{\"@context\":\"https:\/\/schema.org\",\"@graph\":[{\"@type\":\"WebPage\",\"@id\":\"https:\/\/rootcapital.org\/es\/nuestro-enfoque\/\",\"url\":\"https:\/\/rootcapital.org\/es\/nuestro-enfoque\/\",\"name\":\"Nuestro Enfoque - Root Capital\",\"isPartOf\":{\"@id\":\"http:\/\/rootcapital.org\/es\/#website\"},\"datePublished\":\"2024-05-15T15:26:21+00:00\",\"dateModified\":\"2024-07-29T15:48:20+00:00\",\"breadcrumb\":{\"@id\":\"https:\/\/rootcapital.org\/es\/nuestro-enfoque\/#breadcrumb\"},\"inLanguage\":\"es\",\"potentialAction\":[{\"@type\":\"ReadAction\",\"target\":[\"https:\/\/rootcapital.org\/es\/nuestro-enfoque\/\"]}]},{\"@type\":\"BreadcrumbList\",\"@id\":\"https:\/\/rootcapital.org\/es\/nuestro-enfoque\/#breadcrumb\",\"itemListElement\":[{\"@type\":\"ListItem\",\"position\":1,\"name\":\"Home\",\"item\":\"http:\/\/rootcapital.org\/es\/\"},{\"@type\":\"ListItem\",\"position\":2,\"name\":\"Nuestro Enfoque\"}]},{\"@type\":\"WebSite\",\"@id\":\"http:\/\/rootcapital.org\/es\/#website\",\"url\":\"http:\/\/rootcapital.org\/es\/\",\"name\":\"Root Capital\",\"description\":\"\",\"publisher\":{\"@id\":\"http:\/\/rootcapital.org\/es\/#organization\"},\"potentialAction\":[{\"@type\":\"SearchAction\",\"target\":{\"@type\":\"EntryPoint\",\"urlTemplate\":\"http:\/\/rootcapital.org\/es\/?s={search_term_string}\"},\"query-input\":{\"@type\":\"PropertyValueSpecification\",\"valueRequired\":true,\"valueName\":\"search_term_string\"}}],\"inLanguage\":\"es\"},{\"@type\":\"Organization\",\"@id\":\"http:\/\/rootcapital.org\/es\/#organization\",\"name\":\"Root Capital\",\"url\":\"http:\/\/rootcapital.org\/es\/\",\"logo\":{\"@type\":\"ImageObject\",\"inLanguage\":\"es\",\"@id\":\"http:\/\/rootcapital.org\/es\/#\/schema\/logo\/image\/\",\"url\":\"http:\/\/rootcapital.org\/wp-content\/uploads\/2024\/09\/Logo-PNG-1.png\",\"contentUrl\":\"http:\/\/rootcapital.org\/wp-content\/uploads\/2024\/09\/Logo-PNG-1.png\",\"width\":567,\"height\":283,\"caption\":\"Root Capital\"},\"image\":{\"@id\":\"http:\/\/rootcapital.org\/es\/#\/schema\/logo\/image\/\"},\"sameAs\":[\"https:\/\/www.facebook.com\/rootcapital\/\",\"https:\/\/x.com\/RootCapital\",\"https:\/\/www.instagram.com\/rootcapital\/\",\"https:\/\/www.linkedin.com\/company\/root-capital\/\",\"https:\/\/www.tiktok.com\/@rootcapital\",\"https:\/\/www.youtube.com\/user\/rootcapital\"]}]}<\/script>\n<!-- \/ Yoast SEO Premium plugin. -->","yoast_head_json":{"title":"Nuestro Enfoque - Root Capital","robots":{"index":"index","follow":"follow","max-snippet":"max-snippet:-1","max-image-preview":"max-image-preview:large","max-video-preview":"max-video-preview:-1"},"canonical":"https:\/\/rootcapital.org\/es\/nuestro-enfoque\/","og_locale":"es_ES","og_type":"article","og_title":"Nuestro Enfoque","og_description":"&nbsp;","og_url":"https:\/\/rootcapital.org\/es\/nuestro-enfoque\/","og_site_name":"Root Capital","article_publisher":"https:\/\/www.facebook.com\/rootcapital\/","article_modified_time":"2024-07-29T15:48:20+00:00","twitter_card":"summary_large_image","twitter_site":"@RootCapital","schema":{"@context":"https:\/\/schema.org","@graph":[{"@type":"WebPage","@id":"https:\/\/rootcapital.org\/es\/nuestro-enfoque\/","url":"https:\/\/rootcapital.org\/es\/nuestro-enfoque\/","name":"Nuestro Enfoque - Root Capital","isPartOf":{"@id":"http:\/\/rootcapital.org\/es\/#website"},"datePublished":"2024-05-15T15:26:21+00:00","dateModified":"2024-07-29T15:48:20+00:00","breadcrumb":{"@id":"https:\/\/rootcapital.org\/es\/nuestro-enfoque\/#breadcrumb"},"inLanguage":"es","potentialAction":[{"@type":"ReadAction","target":["https:\/\/rootcapital.org\/es\/nuestro-enfoque\/"]}]},{"@type":"BreadcrumbList","@id":"https:\/\/rootcapital.org\/es\/nuestro-enfoque\/#breadcrumb","itemListElement":[{"@type":"ListItem","position":1,"name":"Home","item":"http:\/\/rootcapital.org\/es\/"},{"@type":"ListItem","position":2,"name":"Nuestro Enfoque"}]},{"@type":"WebSite","@id":"http:\/\/rootcapital.org\/es\/#website","url":"http:\/\/rootcapital.org\/es\/","name":"Root Capital","description":"","publisher":{"@id":"http:\/\/rootcapital.org\/es\/#organization"},"potentialAction":[{"@type":"SearchAction","target":{"@type":"EntryPoint","urlTemplate":"http:\/\/rootcapital.org\/es\/?s={search_term_string}"},"query-input":{"@type":"PropertyValueSpecification","valueRequired":true,"valueName":"search_term_string"}}],"inLanguage":"es"},{"@type":"Organization","@id":"http:\/\/rootcapital.org\/es\/#organization","name":"Root Capital","url":"http:\/\/rootcapital.org\/es\/","logo":{"@type":"ImageObject","inLanguage":"es","@id":"http:\/\/rootcapital.org\/es\/#\/schema\/logo\/image\/","url":"http:\/\/rootcapital.org\/wp-content\/uploads\/2024\/09\/Logo-PNG-1.png","contentUrl":"http:\/\/rootcapital.org\/wp-content\/uploads\/2024\/09\/Logo-PNG-1.png","width":567,"height":283,"caption":"Root Capital"},"image":{"@id":"http:\/\/rootcapital.org\/es\/#\/schema\/logo\/image\/"},"sameAs":["https:\/\/www.facebook.com\/rootcapital\/","https:\/\/x.com\/RootCapital","https:\/\/www.instagram.com\/rootcapital\/","https:\/\/www.linkedin.com\/company\/root-capital\/","https:\/\/www.tiktok.com\/@rootcapital","https:\/\/www.youtube.com\/user\/rootcapital"]}]}},"_links":{"self":[{"href":"https:\/\/rootcapital.org\/es\/wp-json\/wp\/v2\/pages\/27139","targetHints":{"allow":["GET"]}}],"collection":[{"href":"https:\/\/rootcapital.org\/es\/wp-json\/wp\/v2\/pages"}],"about":[{"href":"https:\/\/rootcapital.org\/es\/wp-json\/wp\/v2\/types\/page"}],"author":[{"embeddable":true,"href":"https:\/\/rootcapital.org\/es\/wp-json\/wp\/v2\/users\/23"}],"replies":[{"embeddable":true,"href":"https:\/\/rootcapital.org\/es\/wp-json\/wp\/v2\/comments?post=27139"}],"version-history":[{"count":0,"href":"https:\/\/rootcapital.org\/es\/wp-json\/wp\/v2\/pages\/27139\/revisions"}],"wp:attachment":[{"href":"https:\/\/rootcapital.org\/es\/wp-json\/wp\/v2\/media?parent=27139"}],"curies":[{"name":"wp","href":"https:\/\/api.w.org\/{rel}","templated":true}]}}